{"id":3589,"date":"2014-12-04T19:06:15","date_gmt":"2014-12-04T18:06:15","guid":{"rendered":"http:\/\/gregpenne.com\/gregpenne\/?page_id=3589"},"modified":"2022-12-30T17:04:35","modified_gmt":"2022-12-30T16:04:35","slug":"shape","status":"publish","type":"page","link":"https:\/\/gregpenne.com\/mainsite\/shape\/","title":{"rendered":"SHAPE"},"content":{"rendered":"<div class=\"wpb-content-wrapper\"><p>[vc_section full_width=\u00a0\u00bbstretch_row_content\u00a0\u00bb content_placement=\u00a0\u00bbmiddle\u00a0\u00bb bklyn_overlay=\u00a0\u00bbtrue\u00a0\u00bb bklyn_overlay_pattern=\u00a0\u00bbtrue\u00a0\u00bb parallax=\u00a0\u00bbcontent-moving\u00a0\u00bb css=\u00a0\u00bb.vc_custom_1548160925078{background-image: url(https:\/\/gregpenne.com\/mainsite\/wp-content\/uploads\/2015\/04\/\u00a9CHRIS-CUENCA-GREG-PENNE-Lifestyle-Windsurf-Windsurfer-SUP-Stand-Up-Paddle-Surfrider-Foundation-Europe-Setting-Fins.jpg?id=5163) !important;background-position: 0 0 !important;background-repeat: no-repeat !important;}\u00a0\u00bb bklyn_overlay_color=\u00a0\u00bb#232323&Prime;][vc_row full_width=\u00a0\u00bbstretch_row_content_no_spaces\u00a0\u00bb][vc_column]<div class=\"wpb_content_element \"><style type=\"text\/css\"><\/style><header id=\"ut_header_69d818921a46f\" class=\"section-header  ut-no-title-linebreak-mobile ut-no-lead-linebreak-mobile pt-style-2 header-center header-tablet-center header-mobile-center\"><h2 data-title=\"SHAPE AND RESEARCH\"  data-responsive-font=\"section_title\" class=\"section-title  \"><span>SHAPE AND RESEARCH<\/span><\/h2><\/header><\/div>[\/vc_column][\/vc_row][vc_row full_width=\u00a0\u00bbstretch_row_content_no_spaces\u00a0\u00bb][vc_column width=\u00a0\u00bb1\/4&Prime;][\/vc_column][vc_column width=\u00a0\u00bb1\/2&Prime;]<style type=\"text\/css\">#ut_custom_heading69d818921c179 { color:#ffffff; }#ut_custom_heading69d818921c179 { font-family: \"Open Sans\";font-weight:300;font-style:normal; }#ut_custom_heading69d818921c179{ font-size: 16px }#ut_custom_heading69d818921c179{ line-height: 170% }#ut_custom_heading69d818921c179 { text-align:center; }@media (min-width: 768px) and (max-width: 1024px) { #ut_custom_heading69d818921c179 { text-align:center; } }@media (max-width: 767px) { #ut_custom_heading69d818921c179 { text-align:center; } }<\/style><h1 id=\"ut_custom_heading69d818921c179\" data-responsive-font=\"h1\" data-responsive-font-settings=\"{&quot;base-font-size&quot;:&quot;16&quot;,&quot;base-line-height&quot;:&quot;170&quot;}\" class=\"ut-custom-heading-module  \" ><span class=\"\" >Depuis le d\u00e9but, la R&amp;D autour de nos pratiques m&rsquo;a toujours passionn\u00e9. Tester de nouvelles formes et concepts, participer aux incroyables \u00e9volutions mat\u00e9rielles de ces derni\u00e8res ann\u00e9es. Avec un seul leitmotiv, rendre les produits les plus performants\u2026 accessibles au plus grand nombre\u2026 Avec Marco Copello nous avons cr\u00e9\u00e9, il y a 16 ans, le label de d\u00e9veloppement \u00ab\u00a0DPA Boards\u201d. Un \u201claboratoire\u201d qui nous permet de mettre au point des shapes tr\u00e8s innovants sans but commercial imm\u00e9diat\u2026 Des boards aux performances sans faille et correspondant \u00e0 chaque windsurfer gr\u00e2ce \u00e0 une polyvalence exceptionnelle. La synergie entre d\u00e9veloppement des shapes et rigueur des tests garantit une \u00e9volution permanente des performances et de l\u2019accessibilit\u00e9.<\/span><\/h1><style type=\"text\/css\">#ut_custom_heading69d818921c1c9 { color:#ffcd00; }#ut_custom_heading69d818921c1c9 { font-family: \"Open Sans\";font-weight:300;font-style:normal; }#ut_custom_heading69d818921c1c9{ font-size: 16px }#ut_custom_heading69d818921c1c9{ line-height: 170% }#ut_custom_heading69d818921c1c9 { text-align:center; }@media (min-width: 768px) and (max-width: 1024px) { #ut_custom_heading69d818921c1c9 { text-align:center; } }@media (max-width: 767px) { #ut_custom_heading69d818921c1c9 { text-align:center; } }<\/style><h1 id=\"ut_custom_heading69d818921c1c9\" data-responsive-font=\"h1\" data-responsive-font-settings=\"{&quot;base-font-size&quot;:&quot;16&quot;,&quot;base-line-height&quot;:&quot;170&quot;}\" class=\"ut-custom-heading-module  \" ><span class=\"\" >Since the beginning, R&amp;D around our sports has always fascinated me. Test new shapes and concepts, participate in the amazing hardware evolutions of recent years. With only one leitmotiv, making top performing products accessible to\u2026 greatest number\u2026 Marco Copello we have created it 16 years ago, developing label \u00ab\u00a0DPA Boards\u00a0\u00bb. A \u00ab\u00a0laboratory\u00a0\u00bb allowing us to develop highly innovative shapes with no immediate commercial purpose\u2026 Some boards to flawless performance and corresponding to each windsurfer with amazing versatility. The synergy between the development of shapes and rigorous testing guarantees an constant evolution of performance and accessibility.<\/span><\/h1>[\/vc_column][vc_column width=\u00a0\u00bb1\/4&Prime;][\/vc_column][\/vc_row][\/vc_section][vc_row css=\u00a0\u00bb.vc_custom_1538404983676{background-color: #ffcd00 !important;}\u00a0\u00bb][vc_column][vc_raw_html]JTVCdXRfYW5pbWF0ZV9pbWFnZSUyMGltYWdlJTNEJTIyaHR0cHMlM0ElMkYlMkZncmVncGVubmUuY29tJTJGbWFpbnNpdGUlMkZ3cC1jb250ZW50JTJGdXBsb2FkcyUyRjIwMTclMkYwMiUyRlNXRUxMLUVYUFJFU1NJT04tTG9nby1XZWItMjAxNy0yNTBweC5wbmclMjIlMjBtYXJnaW5fdG9wJTNEJTIyMHB4JTIyJTIwbWFyZ2luX2JvdHRvbSUzRCUyMk9weCUyMiUyMGxpbmslM0QlMjJodHRwJTNBJTJGJTJGd3d3LnN3ZWxsZXhwcmVzc2lvbi5jb20lMkYlMjIlMjBlZmZlY3QlM0QlMjJmYWRlSW4lMjIlMjBhbGlnbiUzRCUyMmNlbnRlciUyMiUyMHRhcmdldCUzRCUyMl9ibGFuayUyMiU1RCUwQSUwQSU1QnV0X2ZhbmN5X2xpbmslMjB1cmwlM0QlMjJodHRwJTNBJTJGJTJGd3d3LnN3ZWxsZXhwcmVzc2lvbi5jb20lMkYlMjIlNUQlMjBNT1JFJTIwU1dFTEwlMjBFWFBSRVNTSU9OJTIwJTVCJTJGdXRfZmFuY3lfbGluayU1RA==[\/vc_raw_html][\/vc_column][\/vc_row]<\/p>\n<\/div>","protected":false},"excerpt":{"rendered":"<p>[vc_section full_width=\u00a0\u00bbstretch_row_content\u00a0\u00bb content_placement=\u00a0\u00bbmiddle\u00a0\u00bb bklyn_overlay=\u00a0\u00bbtrue\u00a0\u00bb bklyn_overlay_pattern=\u00a0\u00bbtrue\u00a0\u00bb parallax=\u00a0\u00bbcontent-moving\u00a0\u00bb css=\u00a0\u00bb.vc_custom_1548160925078{background-image: url(https:\/\/gregpenne.com\/mainsite\/wp-content\/uploads\/2015\/04\/\u00a9CHRIS-CUENCA-GREG-PENNE-Lifestyle-Windsurf-Windsurfer-SUP-Stand-Up-Paddle-Surfrider-Foundation-Europe-Setting-Fins.jpg?id=5163) !important;background-position: 0 0 !important;background-repeat: no-repeat !important;}\u00a0\u00bb bklyn_overlay_color=\u00a0\u00bb#232323&Prime;][vc_row full_width=\u00a0\u00bbstretch_row_content_no_spaces\u00a0\u00bb][vc_column][\/vc_column][\/vc_row][vc_row full_width=\u00a0\u00bbstretch_row_content_no_spaces\u00a0\u00bb][vc_column width=\u00a0\u00bb1\/4&Prime;][\/vc_column][vc_column width=\u00a0\u00bb1\/2&Prime;][\/vc_column][vc_column width=\u00a0\u00bb1\/4&Prime;][\/vc_column][\/vc_row][\/vc_section][vc_row css=\u00a0\u00bb.vc_custom_1538404983676{background-color: #ffcd00 !important;}\u00a0\u00bb][vc_column][vc_raw_html]JTVCdXRfYW5pbWF0ZV9pbWFnZSUyMGltYWdlJTNEJTIyaHR0cHMlM0ElMkYlMkZncmVncGVubmUuY29tJTJGbWFpbnNpdGUlMkZ3cC1jb250ZW50JTJGdXBsb2FkcyUyRjIwMTclMkYwMiUyRlNXRUxMLUVYUFJFU1NJT04tTG9nby1XZWItMjAxNy0yNTBweC5wbmclMjIlMjBtYXJnaW5fdG9wJTNEJTIyMHB4JTIyJTIwbWFyZ2luX2JvdHRvbSUzRCUyMk9weCUyMiUyMGxpbmslM0QlMjJodHRwJTNBJTJGJTJGd3d3LnN3ZWxsZXhwcmVzc2lvbi5jb20lMkYlMjIlMjBlZmZlY3QlM0QlMjJmYWRlSW4lMjIlMjBhbGlnbiUzRCUyMmNlbnRlciUyMiUyMHRhcmdldCUzRCUyMl9ibGFuayUyMiU1RCUwQSUwQSU1QnV0X2ZhbmN5X2xpbmslMjB1cmwlM0QlMjJodHRwJTNBJTJGJTJGd3d3LnN3ZWxsZXhwcmVzc2lvbi5jb20lMkYlMjIlNUQlMjBNT1JFJTIwU1dFTEwlMjBFWFBSRVNTSU9OJTIwJTVCJTJGdXRfZmFuY3lfbGluayU1RA==[\/vc_raw_html][\/vc_column][\/vc_row]<\/p>\n","protected":false},"author":4,"featured_media":0,"parent":0,"menu_order":0,"comment_status":"closed","ping_status":"closed","template":"","meta":{"footnotes":""},"class_list":["post-3589","page","type-page","status-publish","hentry"],"yoast_head":"<!-- This site is optimized with the Yoast SEO plugin v27.3 - https:\/\/yoast.com\/product\/yoast-seo-wordpress\/ -->\n<title>SHAPE - GREG PENNE<\/title>\n<meta name=\"description\" content=\"Le Shape et la R&amp;D autour de nos pratiques m&#039;a toujours passionn\u00e9... Tester de nouvelles formes et concepts, participer aux \u00e9volutions mat\u00e9rielles...\" \/>\n<meta name=\"robots\" content=\"index, follow, max-snippet:-1, max-image-preview:large, max-video-preview:-1\" \/>\n<link rel=\"canonical\" href=\"https:\/\/gregpenne.com\/mainsite\/shape\/\" \/>\n<meta property=\"og:locale\" content=\"fr_FR\" \/>\n<meta property=\"og:type\" content=\"article\" \/>\n<meta property=\"og:title\" content=\"SHAPE - GREG PENNE\" \/>\n<meta property=\"og:description\" content=\"Le Shape et la R&amp;D autour de nos pratiques m&#039;a toujours passionn\u00e9... Tester de nouvelles formes et concepts, participer aux \u00e9volutions mat\u00e9rielles...\" \/>\n<meta property=\"og:url\" content=\"https:\/\/gregpenne.com\/mainsite\/shape\/\" \/>\n<meta property=\"og:site_name\" content=\"GREG PENNE\" \/>\n<meta property=\"article:publisher\" content=\"http:\/\/www.facebook.com\/gregpenne\" \/>\n<meta property=\"article:modified_time\" content=\"2022-12-30T16:04:35+00:00\" \/>\n<meta property=\"og:image\" content=\"https:\/\/gregpenne.com\/mainsite\/wp-content\/uploads\/2015\/04\/GREG-PENNE-Website-Windsurf-SUP-For-Surfrider-Europe.jpg\" \/>\n\t<meta property=\"og:image:width\" content=\"800\" \/>\n\t<meta property=\"og:image:height\" content=\"600\" \/>\n\t<meta property=\"og:image:type\" content=\"image\/jpeg\" \/>\n<meta name=\"twitter:card\" content=\"summary_large_image\" \/>\n<meta name=\"twitter:site\" content=\"@GregPenne\" \/>\n<meta name=\"twitter:label1\" content=\"Dur\u00e9e de lecture estim\u00e9e\" \/>\n\t<meta name=\"twitter:data1\" content=\"2 minutes\" \/>\n<script type=\"application\/ld+json\" class=\"yoast-schema-graph\">{\"@context\":\"https:\\\/\\\/schema.org\",\"@graph\":[{\"@type\":\"WebPage\",\"@id\":\"https:\\\/\\\/gregpenne.com\\\/mainsite\\\/shape\\\/\",\"url\":\"https:\\\/\\\/gregpenne.com\\\/mainsite\\\/shape\\\/\",\"name\":\"SHAPE - GREG PENNE\",\"isPartOf\":{\"@id\":\"https:\\\/\\\/gregpenne.com\\\/mainsite\\\/#website\"},\"datePublished\":\"2014-12-04T18:06:15+00:00\",\"dateModified\":\"2022-12-30T16:04:35+00:00\",\"description\":\"Le Shape et la R&D autour de nos pratiques m'a toujours passionn\u00e9... Tester de nouvelles formes et concepts, participer aux \u00e9volutions mat\u00e9rielles...\",\"breadcrumb\":{\"@id\":\"https:\\\/\\\/gregpenne.com\\\/mainsite\\\/shape\\\/#breadcrumb\"},\"inLanguage\":\"fr-FR\",\"potentialAction\":[{\"@type\":\"ReadAction\",\"target\":[\"https:\\\/\\\/gregpenne.com\\\/mainsite\\\/shape\\\/\"]}]},{\"@type\":\"BreadcrumbList\",\"@id\":\"https:\\\/\\\/gregpenne.com\\\/mainsite\\\/shape\\\/#breadcrumb\",\"itemListElement\":[{\"@type\":\"ListItem\",\"position\":1,\"name\":\"Accueil\",\"item\":\"https:\\\/\\\/gregpenne.com\\\/mainsite\\\/\"},{\"@type\":\"ListItem\",\"position\":2,\"name\":\"SHAPE\"}]},{\"@type\":\"WebSite\",\"@id\":\"https:\\\/\\\/gregpenne.com\\\/mainsite\\\/#website\",\"url\":\"https:\\\/\\\/gregpenne.com\\\/mainsite\\\/\",\"name\":\"GREG PENNE\",\"description\":\"Official Website of Greg Penne - Windsurf and SUP as ambassador for Surfrider Foundation Europe\",\"potentialAction\":[{\"@type\":\"SearchAction\",\"target\":{\"@type\":\"EntryPoint\",\"urlTemplate\":\"https:\\\/\\\/gregpenne.com\\\/mainsite\\\/?s={search_term_string}\"},\"query-input\":{\"@type\":\"PropertyValueSpecification\",\"valueRequired\":true,\"valueName\":\"search_term_string\"}}],\"inLanguage\":\"fr-FR\"}]}<\/script>\n<!-- \/ Yoast SEO plugin. -->","yoast_head_json":{"title":"SHAPE - GREG PENNE","description":"Le Shape et la R&D autour de nos pratiques m'a toujours passionn\u00e9... Tester de nouvelles formes et concepts, participer aux \u00e9volutions mat\u00e9rielles...","robots":{"index":"index","follow":"follow","max-snippet":"max-snippet:-1","max-image-preview":"max-image-preview:large","max-video-preview":"max-video-preview:-1"},"canonical":"https:\/\/gregpenne.com\/mainsite\/shape\/","og_locale":"fr_FR","og_type":"article","og_title":"SHAPE - GREG PENNE","og_description":"Le Shape et la R&D autour de nos pratiques m'a toujours passionn\u00e9... Tester de nouvelles formes et concepts, participer aux \u00e9volutions mat\u00e9rielles...","og_url":"https:\/\/gregpenne.com\/mainsite\/shape\/","og_site_name":"GREG PENNE","article_publisher":"http:\/\/www.facebook.com\/gregpenne","article_modified_time":"2022-12-30T16:04:35+00:00","og_image":[{"width":800,"height":600,"url":"https:\/\/gregpenne.com\/mainsite\/wp-content\/uploads\/2015\/04\/GREG-PENNE-Website-Windsurf-SUP-For-Surfrider-Europe.jpg","type":"image\/jpeg"}],"twitter_card":"summary_large_image","twitter_site":"@GregPenne","twitter_misc":{"Dur\u00e9e de lecture estim\u00e9e":"2 minutes"},"schema":{"@context":"https:\/\/schema.org","@graph":[{"@type":"WebPage","@id":"https:\/\/gregpenne.com\/mainsite\/shape\/","url":"https:\/\/gregpenne.com\/mainsite\/shape\/","name":"SHAPE - GREG PENNE","isPartOf":{"@id":"https:\/\/gregpenne.com\/mainsite\/#website"},"datePublished":"2014-12-04T18:06:15+00:00","dateModified":"2022-12-30T16:04:35+00:00","description":"Le Shape et la R&D autour de nos pratiques m'a toujours passionn\u00e9... Tester de nouvelles formes et concepts, participer aux \u00e9volutions mat\u00e9rielles...","breadcrumb":{"@id":"https:\/\/gregpenne.com\/mainsite\/shape\/#breadcrumb"},"inLanguage":"fr-FR","potentialAction":[{"@type":"ReadAction","target":["https:\/\/gregpenne.com\/mainsite\/shape\/"]}]},{"@type":"BreadcrumbList","@id":"https:\/\/gregpenne.com\/mainsite\/shape\/#breadcrumb","itemListElement":[{"@type":"ListItem","position":1,"name":"Accueil","item":"https:\/\/gregpenne.com\/mainsite\/"},{"@type":"ListItem","position":2,"name":"SHAPE"}]},{"@type":"WebSite","@id":"https:\/\/gregpenne.com\/mainsite\/#website","url":"https:\/\/gregpenne.com\/mainsite\/","name":"GREG PENNE","description":"Official Website of Greg Penne - Windsurf and SUP as ambassador for Surfrider Foundation Europe","potentialAction":[{"@type":"SearchAction","target":{"@type":"EntryPoint","urlTemplate":"https:\/\/gregpenne.com\/mainsite\/?s={search_term_string}"},"query-input":{"@type":"PropertyValueSpecification","valueRequired":true,"valueName":"search_term_string"}}],"inLanguage":"fr-FR"}]}},"_links":{"self":[{"href":"https:\/\/gregpenne.com\/mainsite\/wp-json\/wp\/v2\/pages\/3589","targetHints":{"allow":["GET"]}}],"collection":[{"href":"https:\/\/gregpenne.com\/mainsite\/wp-json\/wp\/v2\/pages"}],"about":[{"href":"https:\/\/gregpenne.com\/mainsite\/wp-json\/wp\/v2\/types\/page"}],"author":[{"embeddable":true,"href":"https:\/\/gregpenne.com\/mainsite\/wp-json\/wp\/v2\/users\/4"}],"replies":[{"embeddable":true,"href":"https:\/\/gregpenne.com\/mainsite\/wp-json\/wp\/v2\/comments?post=3589"}],"version-history":[{"count":2,"href":"https:\/\/gregpenne.com\/mainsite\/wp-json\/wp\/v2\/pages\/3589\/revisions"}],"predecessor-version":[{"id":26775,"href":"https:\/\/gregpenne.com\/mainsite\/wp-json\/wp\/v2\/pages\/3589\/revisions\/26775"}],"wp:attachment":[{"href":"https:\/\/gregpenne.com\/mainsite\/wp-json\/wp\/v2\/media?parent=3589"}],"curies":[{"name":"wp","href":"https:\/\/api.w.org\/{rel}","templated":true}]}}