{"id":3615,"date":"2014-12-05T07:50:40","date_gmt":"2014-12-05T06:50:40","guid":{"rendered":"http:\/\/gregpenne.com\/gregpenne\/?page_id=3615"},"modified":"2021-07-07T17:03:59","modified_gmt":"2021-07-07T15:03:59","slug":"a-propos","status":"publish","type":"page","link":"https:\/\/gregpenne.com\/mainsite\/a-propos\/","title":{"rendered":"A PROPOS"},"content":{"rendered":"<div class=\"wpb-content-wrapper\"><p>[vc_section full_width=\u00a0\u00bbstretch_row_content\u00a0\u00bb content_placement=\u00a0\u00bbmiddle\u00a0\u00bb parallax=\u00a0\u00bbcontent-moving\u00a0\u00bb css=\u00a0\u00bb.vc_custom_1561570042860{background-color: #232323 !important;background-position: 0 0 !important;background-repeat: no-repeat !important;}\u00a0\u00bb][vc_row full_width=\u00a0\u00bbstretch_row_content_no_spaces\u00a0\u00bb][vc_column]<div class=\"wpb_content_element \"><style type=\"text\/css\"><\/style><header id=\"ut_header_69eaacb11a72f\" class=\"section-header  ut-no-title-linebreak-mobile ut-no-lead-linebreak-mobile pt-style-2 header-center header-tablet-center header-mobile-center\"><h2 data-title=\"A PROPOS\"  data-responsive-font=\"section_title\" class=\"section-title  \"><span>A PROPOS<\/span><\/h2><\/header><\/div>[\/vc_column][\/vc_row][vc_row full_width=\u00a0\u00bbstretch_row_content_no_spaces\u00a0\u00bb][vc_column width=\u00a0\u00bb1\/4&Prime;][\/vc_column][vc_column width=\u00a0\u00bb1\/2&Prime;]<style type=\"text\/css\">#ut_custom_heading69eaacb11c4e6 { color:#ffffff; }#ut_custom_heading69eaacb11c4e6 { font-family: \"Open Sans\";font-weight:300;font-style:normal; }#ut_custom_heading69eaacb11c4e6{ font-size: 16px }#ut_custom_heading69eaacb11c4e6{ line-height: 170% }#ut_custom_heading69eaacb11c4e6 { text-align:center; }@media (min-width: 768px) and (max-width: 1024px) { #ut_custom_heading69eaacb11c4e6 { text-align:center; } }@media (max-width: 767px) { #ut_custom_heading69eaacb11c4e6 { text-align:center; } }<\/style><h1 id=\"ut_custom_heading69eaacb11c4e6\" data-responsive-font=\"h1\" data-responsive-font-settings=\"{&quot;base-font-size&quot;:&quot;16&quot;,&quot;base-line-height&quot;:&quot;170&quot;}\" class=\"ut-custom-heading-module  \" ><span class=\"\" >J&rsquo;ai commenc\u00e9 le windsurf il y a 20 ans, d&rsquo;abord par l\u2019Aloha (moins de 18 ans) et poursuis avec la Mistral One-Design (Classe Olympique). A partir de 2000 en freestyle et vagues sur le tour fran\u00e7ais (AFW), pour prendre la premi\u00e8re place au \u00ab\u00a0Prince de la Flaque\u201c \ud83d\ude09 dans la cat\u00e9gorie jeune \u00e0 Monteynard pr\u00e8s de Grenoble\u2026 D\u00e8s lors, je stoppe la comp\u00e9tition pour me consacrer \u00e0 la R&amp;D. Pour cela, je travaille depuis plus de 15 ans avec Marco Copello (le c\u00e9l\u00e8bre shaper international) avec qui nous co-fondons le label R&amp;D \u201cDPA Boards\u201d. Aujourd\u2019hui responsable d&rsquo;une agence de communication, je reste toujours impliqu\u00e9 dans la R&amp;D&#8230; Et soutiens depuis quelques ann\u00e9es, les actions de Surfrider Foundation Europe pour sensibiliser le grand public \u00e0 respecter l&rsquo;oc\u00e9an !!! Merci \u00e0 mes partenaires qui me soutiennent dans cette aventure<\/span><\/h1>[vc_empty_space][\/vc_column][vc_column width=\u00a0\u00bb1\/4&Prime;][\/vc_column][\/vc_row][\/vc_section][vc_section full_width=\u00a0\u00bbstretch_row_content\u00a0\u00bb content_placement=\u00a0\u00bbmiddle\u00a0\u00bb parallax=\u00a0\u00bbcontent-moving\u00a0\u00bb css=\u00a0\u00bb.vc_custom_1567784783903{margin-top: 0px !important;margin-right: 0px !important;margin-bottom: 0px !important;margin-left: 0px !important;padding-top: 0px !important;padding-right: 0px !important;padding-bottom: 0px !important;padding-left: 0px !important;background-image: url(https:\/\/gregpenne.com\/mainsite\/wp-content\/uploads\/2019\/05\/\u00a9-GREG-PENNE-GREG-Nav-Seychelles-Foil-130818-3411.jpg?id=12731) !important;background-position: center !important;background-repeat: no-repeat !important;background-size: cover !important;}\u00a0\u00bb][vc_row full_width=\u00a0\u00bb\u00a0\u00bb css=\u00a0\u00bb.vc_custom_1561581478804{margin: 0px !important;padding: 0px !important;border: 0px initial !important;}\u00a0\u00bb][vc_column][vc_empty_space height=\u00a0\u00bb800px\u00a0\u00bb][\/vc_column][\/vc_row][\/vc_section]<\/p>\n<\/div>","protected":false},"excerpt":{"rendered":"<p>[vc_section full_width=\u00a0\u00bbstretch_row_content\u00a0\u00bb content_placement=\u00a0\u00bbmiddle\u00a0\u00bb parallax=\u00a0\u00bbcontent-moving\u00a0\u00bb css=\u00a0\u00bb.vc_custom_1561570042860{background-color: #232323 !important;background-position: 0 0 !important;background-repeat: no-repeat !important;}\u00a0\u00bb][vc_row full_width=\u00a0\u00bbstretch_row_content_no_spaces\u00a0\u00bb][vc_column][\/vc_column][\/vc_row][vc_row full_width=\u00a0\u00bbstretch_row_content_no_spaces\u00a0\u00bb][vc_column width=\u00a0\u00bb1\/4&Prime;][\/vc_column][vc_column width=\u00a0\u00bb1\/2&Prime;][vc_empty_space][\/vc_column][vc_column width=\u00a0\u00bb1\/4&Prime;][\/vc_column][\/vc_row][\/vc_section][vc_section full_width=\u00a0\u00bbstretch_row_content\u00a0\u00bb content_placement=\u00a0\u00bbmiddle\u00a0\u00bb parallax=\u00a0\u00bbcontent-moving\u00a0\u00bb css=\u00a0\u00bb.vc_custom_1567784783903{margin-top: 0px !important;margin-right: 0px !important;margin-bottom: 0px !important;margin-left: 0px !important;padding-top: 0px !important;padding-right: 0px !important;padding-bottom: 0px !important;padding-left: 0px !important;background-image: url(https:\/\/gregpenne.com\/mainsite\/wp-content\/uploads\/2019\/05\/\u00a9-GREG-PENNE-GREG-Nav-Seychelles-Foil-130818-3411.jpg?id=12731) !important;background-position: center !important;background-repeat: no-repeat !important;background-size: cover !important;}\u00a0\u00bb][vc_row full_width=\u00a0\u00bb\u00a0\u00bb css=\u00a0\u00bb.vc_custom_1561581478804{margin: 0px !important;padding: 0px !important;border: 0px initial !important;}\u00a0\u00bb][vc_column][vc_empty_space height=\u00a0\u00bb800px\u00a0\u00bb][\/vc_column][\/vc_row][\/vc_section]<\/p>\n","protected":false},"author":4,"featured_media":0,"parent":0,"menu_order":0,"comment_status":"closed","ping_status":"open","template":"","meta":{"footnotes":""},"class_list":["post-3615","page","type-page","status-publish","hentry"],"yoast_head":"<!-- This site is optimized with the Yoast SEO plugin v27.4 - https:\/\/yoast.com\/product\/yoast-seo-wordpress\/ -->\n<title>A PROPOS - GREG PENNE<\/title>\n<meta name=\"description\" content=\"A Propos de Greg : Windsurfer depuis plus de 20 ans. Je soutiens les actions de Surfrider Foundation Europe pour sensibiliser le grand public \u00e0 respecter l&#039;oc\u00e9an\" \/>\n<meta name=\"robots\" content=\"index, follow, max-snippet:-1, max-image-preview:large, max-video-preview:-1\" \/>\n<link rel=\"canonical\" href=\"https:\/\/gregpenne.com\/mainsite\/a-propos\/\" \/>\n<meta property=\"og:locale\" content=\"fr_FR\" \/>\n<meta property=\"og:type\" content=\"article\" \/>\n<meta property=\"og:title\" content=\"A PROPOS - GREG PENNE\" \/>\n<meta property=\"og:description\" content=\"A Propos de Greg : Windsurfer depuis plus de 20 ans. Je soutiens les actions de Surfrider Foundation Europe pour sensibiliser le grand public \u00e0 respecter l&#039;oc\u00e9an\" \/>\n<meta property=\"og:url\" content=\"https:\/\/gregpenne.com\/mainsite\/a-propos\/\" \/>\n<meta property=\"og:site_name\" content=\"GREG PENNE\" \/>\n<meta property=\"article:publisher\" content=\"http:\/\/www.facebook.com\/gregpenne\" \/>\n<meta property=\"article:modified_time\" content=\"2021-07-07T15:03:59+00:00\" \/>\n<meta property=\"og:image\" content=\"https:\/\/gregpenne.com\/mainsite\/wp-content\/uploads\/2015\/04\/GREG-PENNE-Website-Windsurf-SUP-For-Surfrider-Europe.jpg\" \/>\n\t<meta property=\"og:image:width\" content=\"800\" \/>\n\t<meta property=\"og:image:height\" content=\"600\" \/>\n\t<meta property=\"og:image:type\" content=\"image\/jpeg\" \/>\n<meta name=\"twitter:card\" content=\"summary_large_image\" \/>\n<meta name=\"twitter:site\" content=\"@GregPenne\" \/>\n<meta name=\"twitter:label1\" content=\"Dur\u00e9e de lecture estim\u00e9e\" \/>\n\t<meta name=\"twitter:data1\" content=\"1 minute\" \/>\n<script type=\"application\/ld+json\" class=\"yoast-schema-graph\">{\"@context\":\"https:\\\/\\\/schema.org\",\"@graph\":[{\"@type\":\"WebPage\",\"@id\":\"https:\\\/\\\/gregpenne.com\\\/mainsite\\\/a-propos\\\/\",\"url\":\"https:\\\/\\\/gregpenne.com\\\/mainsite\\\/a-propos\\\/\",\"name\":\"A PROPOS - GREG PENNE\",\"isPartOf\":{\"@id\":\"https:\\\/\\\/gregpenne.com\\\/mainsite\\\/#website\"},\"datePublished\":\"2014-12-05T06:50:40+00:00\",\"dateModified\":\"2021-07-07T15:03:59+00:00\",\"description\":\"A Propos de Greg : Windsurfer depuis plus de 20 ans. Je soutiens les actions de Surfrider Foundation Europe pour sensibiliser le grand public \u00e0 respecter l'oc\u00e9an\",\"breadcrumb\":{\"@id\":\"https:\\\/\\\/gregpenne.com\\\/mainsite\\\/a-propos\\\/#breadcrumb\"},\"inLanguage\":\"fr-FR\",\"potentialAction\":[{\"@type\":\"ReadAction\",\"target\":[\"https:\\\/\\\/gregpenne.com\\\/mainsite\\\/a-propos\\\/\"]}]},{\"@type\":\"BreadcrumbList\",\"@id\":\"https:\\\/\\\/gregpenne.com\\\/mainsite\\\/a-propos\\\/#breadcrumb\",\"itemListElement\":[{\"@type\":\"ListItem\",\"position\":1,\"name\":\"Accueil\",\"item\":\"https:\\\/\\\/gregpenne.com\\\/mainsite\\\/\"},{\"@type\":\"ListItem\",\"position\":2,\"name\":\"A PROPOS\"}]},{\"@type\":\"WebSite\",\"@id\":\"https:\\\/\\\/gregpenne.com\\\/mainsite\\\/#website\",\"url\":\"https:\\\/\\\/gregpenne.com\\\/mainsite\\\/\",\"name\":\"GREG PENNE\",\"description\":\"Official Website of Greg Penne - Windsurf and SUP as ambassador for Surfrider Foundation Europe\",\"potentialAction\":[{\"@type\":\"SearchAction\",\"target\":{\"@type\":\"EntryPoint\",\"urlTemplate\":\"https:\\\/\\\/gregpenne.com\\\/mainsite\\\/?s={search_term_string}\"},\"query-input\":{\"@type\":\"PropertyValueSpecification\",\"valueRequired\":true,\"valueName\":\"search_term_string\"}}],\"inLanguage\":\"fr-FR\"}]}<\/script>\n<!-- \/ Yoast SEO plugin. -->","yoast_head_json":{"title":"A PROPOS - GREG PENNE","description":"A Propos de Greg : Windsurfer depuis plus de 20 ans. Je soutiens les actions de Surfrider Foundation Europe pour sensibiliser le grand public \u00e0 respecter l'oc\u00e9an","robots":{"index":"index","follow":"follow","max-snippet":"max-snippet:-1","max-image-preview":"max-image-preview:large","max-video-preview":"max-video-preview:-1"},"canonical":"https:\/\/gregpenne.com\/mainsite\/a-propos\/","og_locale":"fr_FR","og_type":"article","og_title":"A PROPOS - GREG PENNE","og_description":"A Propos de Greg : Windsurfer depuis plus de 20 ans. Je soutiens les actions de Surfrider Foundation Europe pour sensibiliser le grand public \u00e0 respecter l'oc\u00e9an","og_url":"https:\/\/gregpenne.com\/mainsite\/a-propos\/","og_site_name":"GREG PENNE","article_publisher":"http:\/\/www.facebook.com\/gregpenne","article_modified_time":"2021-07-07T15:03:59+00:00","og_image":[{"width":800,"height":600,"url":"https:\/\/gregpenne.com\/mainsite\/wp-content\/uploads\/2015\/04\/GREG-PENNE-Website-Windsurf-SUP-For-Surfrider-Europe.jpg","type":"image\/jpeg"}],"twitter_card":"summary_large_image","twitter_site":"@GregPenne","twitter_misc":{"Dur\u00e9e de lecture estim\u00e9e":"1 minute"},"schema":{"@context":"https:\/\/schema.org","@graph":[{"@type":"WebPage","@id":"https:\/\/gregpenne.com\/mainsite\/a-propos\/","url":"https:\/\/gregpenne.com\/mainsite\/a-propos\/","name":"A PROPOS - GREG PENNE","isPartOf":{"@id":"https:\/\/gregpenne.com\/mainsite\/#website"},"datePublished":"2014-12-05T06:50:40+00:00","dateModified":"2021-07-07T15:03:59+00:00","description":"A Propos de Greg : Windsurfer depuis plus de 20 ans. Je soutiens les actions de Surfrider Foundation Europe pour sensibiliser le grand public \u00e0 respecter l'oc\u00e9an","breadcrumb":{"@id":"https:\/\/gregpenne.com\/mainsite\/a-propos\/#breadcrumb"},"inLanguage":"fr-FR","potentialAction":[{"@type":"ReadAction","target":["https:\/\/gregpenne.com\/mainsite\/a-propos\/"]}]},{"@type":"BreadcrumbList","@id":"https:\/\/gregpenne.com\/mainsite\/a-propos\/#breadcrumb","itemListElement":[{"@type":"ListItem","position":1,"name":"Accueil","item":"https:\/\/gregpenne.com\/mainsite\/"},{"@type":"ListItem","position":2,"name":"A PROPOS"}]},{"@type":"WebSite","@id":"https:\/\/gregpenne.com\/mainsite\/#website","url":"https:\/\/gregpenne.com\/mainsite\/","name":"GREG PENNE","description":"Official Website of Greg Penne - Windsurf and SUP as ambassador for Surfrider Foundation Europe","potentialAction":[{"@type":"SearchAction","target":{"@type":"EntryPoint","urlTemplate":"https:\/\/gregpenne.com\/mainsite\/?s={search_term_string}"},"query-input":{"@type":"PropertyValueSpecification","valueRequired":true,"valueName":"search_term_string"}}],"inLanguage":"fr-FR"}]}},"_links":{"self":[{"href":"https:\/\/gregpenne.com\/mainsite\/wp-json\/wp\/v2\/pages\/3615","targetHints":{"allow":["GET"]}}],"collection":[{"href":"https:\/\/gregpenne.com\/mainsite\/wp-json\/wp\/v2\/pages"}],"about":[{"href":"https:\/\/gregpenne.com\/mainsite\/wp-json\/wp\/v2\/types\/page"}],"author":[{"embeddable":true,"href":"https:\/\/gregpenne.com\/mainsite\/wp-json\/wp\/v2\/users\/4"}],"replies":[{"embeddable":true,"href":"https:\/\/gregpenne.com\/mainsite\/wp-json\/wp\/v2\/comments?post=3615"}],"version-history":[{"count":0,"href":"https:\/\/gregpenne.com\/mainsite\/wp-json\/wp\/v2\/pages\/3615\/revisions"}],"wp:attachment":[{"href":"https:\/\/gregpenne.com\/mainsite\/wp-json\/wp\/v2\/media?parent=3615"}],"curies":[{"name":"wp","href":"https:\/\/api.w.org\/{rel}","templated":true}]}}